{"id":87,"date":"2022-11-24T10:42:55","date_gmt":"2022-11-24T16:42:55","guid":{"rendered":"https:\/\/gtmtourguide.com\/?page_id=87"},"modified":"2025-07-21T02:35:08","modified_gmt":"2025-07-21T08:35:08","slug":"viajes-de-varios-dias","status":"publish","type":"page","link":"https:\/\/gtmtourguide.com\/index.php\/viajes-de-varios-dias\/","title":{"rendered":"Tours Multidias"},"content":{"rendered":"\t\t<div data-elementor-type=\"wp-page\" data-elementor-id=\"87\" class=\"elementor elementor-87\">\n\t\t\t\t\t\t<section class=\"elementor-section elementor-top-section elementor-element elementor-element-3e95ae6 elementor-section-height-min-height elementor-section-boxed elementor-section-height-default elementor-section-items-middle\" data-id=\"3e95ae6\" data-element_type=\"section\" data-settings=\"{&quot;background_background&quot;:&quot;classic&quot;,&quot;shape_divider_bottom&quot;:&quot;mountains&quot;}\">\n\t\t\t\t\t<div class=\"elementor-shape elementor-shape-bottom\" aria-hidden=\"true\" data-negative=\"false\">\n\t\t\t<svg xmlns=\"http:\/\/www.w3.org\/2000\/svg\" viewBox=\"0 0 1000 100\" preserveAspectRatio=\"none\">\n\t<path class=\"elementor-shape-fill\" opacity=\"0.33\" d=\"M473,67.3c-203.9,88.3-263.1-34-320.3,0C66,119.1,0,59.7,0,59.7V0h1000v59.7 c0,0-62.1,26.1-94.9,29.3c-32.8,3.3-62.8-12.3-75.8-22.1C806,49.6,745.3,8.7,694.9,4.7S492.4,59,473,67.3z\"\/>\n\t<path class=\"elementor-shape-fill\" opacity=\"0.66\" d=\"M734,67.3c-45.5,0-77.2-23.2-129.1-39.1c-28.6-8.7-150.3-10.1-254,39.1 s-91.7-34.4-149.2,0C115.7,118.3,0,39.8,0,39.8V0h1000v36.5c0,0-28.2-18.5-92.1-18.5C810.2,18.1,775.7,67.3,734,67.3z\"\/>\n\t<path class=\"elementor-shape-fill\" d=\"M766.1,28.9c-200-57.5-266,65.5-395.1,19.5C242,1.8,242,5.4,184.8,20.6C128,35.8,132.3,44.9,89.9,52.5C28.6,63.7,0,0,0,0 h1000c0,0-9.9,40.9-83.6,48.1S829.6,47,766.1,28.9z\"\/>\n<\/svg>\t\t<\/div>\n\t\t\t\t\t<div class=\"elementor-container elementor-column-gap-default\">\n\t\t\t\t\t<div class=\"elementor-column elementor-col-100 elementor-top-column elementor-element elementor-element-afef107\" data-id=\"afef107\" data-element_type=\"column\">\n\t\t\t<div class=\"elementor-widget-wrap elementor-element-populated\">\n\t\t\t\t\t\t<div class=\"elementor-element elementor-element-53ae9e8 elementor-invisible elementor-widget elementor-widget-image\" data-id=\"53ae9e8\" data-element_type=\"widget\" data-settings=\"{&quot;_animation&quot;:&quot;fadeIn&quot;}\" data-widget_type=\"image.default\">\n\t\t\t\t<div class=\"elementor-widget-container\">\n\t\t\t\t\t\t\t\t\t\t\t\t\t\t\t<img decoding=\"async\" width=\"300\" height=\"123\" src=\"https:\/\/gtmtourguide.com\/wp-content\/uploads\/2022\/12\/Sin-titulo-1-300x123.png\" class=\"attachment-medium size-medium wp-image-698\" alt=\"\" srcset=\"https:\/\/gtmtourguide.com\/wp-content\/uploads\/2022\/12\/Sin-titulo-1-300x123.png 300w, https:\/\/gtmtourguide.com\/wp-content\/uploads\/2022\/12\/Sin-titulo-1-1024x418.png 1024w, https:\/\/gtmtourguide.com\/wp-content\/uploads\/2022\/12\/Sin-titulo-1-768x314.png 768w, https:\/\/gtmtourguide.com\/wp-content\/uploads\/2022\/12\/Sin-titulo-1-1536x627.png 1536w, https:\/\/gtmtourguide.com\/wp-content\/uploads\/2022\/12\/Sin-titulo-1-2048x837.png 2048w, https:\/\/gtmtourguide.com\/wp-content\/uploads\/2022\/12\/Sin-titulo-1-600x245.png 600w\" sizes=\"(max-width: 300px) 100vw, 300px\" \/>\t\t\t\t\t\t\t\t\t\t\t\t\t\t\t<\/div>\n\t\t\t\t<\/div>\n\t\t\t\t<div class=\"elementor-element elementor-element-de26e08 elementor-invisible elementor-widget elementor-widget-text-editor\" data-id=\"de26e08\" data-element_type=\"widget\" data-settings=\"{&quot;_animation&quot;:&quot;fadeIn&quot;}\" data-widget_type=\"text-editor.default\">\n\t\t\t\t<div class=\"elementor-widget-container\">\n\t\t\t\t\t\t\t\t\t<p>TOUR MULTIDIAS<\/p>\t\t\t\t\t\t\t\t<\/div>\n\t\t\t\t<\/div>\n\t\t\t\t<div class=\"elementor-element elementor-element-4039fe7 elementor-widget elementor-widget-spacer\" data-id=\"4039fe7\" data-element_type=\"widget\" data-widget_type=\"spacer.default\">\n\t\t\t\t<div class=\"elementor-widget-container\">\n\t\t\t\t\t\t\t<div class=\"elementor-spacer\">\n\t\t\t<div class=\"elementor-spacer-inner\"><\/div>\n\t\t<\/div>\n\t\t\t\t\t\t<\/div>\n\t\t\t\t<\/div>\n\t\t\t\t\t<\/div>\n\t\t<\/div>\n\t\t\t\t\t<\/div>\n\t\t<\/section>\n\t\t\t\t<section class=\"elementor-section elementor-top-section elementor-element elementor-element-3726367 elementor-section-boxed elementor-section-height-default elementor-section-height-default\" data-id=\"3726367\" data-element_type=\"section\">\n\t\t\t\t\t\t<div class=\"elementor-container elementor-column-gap-default\">\n\t\t\t\t\t<div class=\"elementor-column elementor-col-100 elementor-top-column elementor-element elementor-element-cb44599\" data-id=\"cb44599\" data-element_type=\"column\">\n\t\t\t<div class=\"elementor-widget-wrap elementor-element-populated\">\n\t\t\t\t\t\t<div class=\"elementor-element elementor-element-26aab08 elementor-widget elementor-widget-spacer\" data-id=\"26aab08\" data-element_type=\"widget\" data-widget_type=\"spacer.default\">\n\t\t\t\t<div class=\"elementor-widget-container\">\n\t\t\t\t\t\t\t<div class=\"elementor-spacer\">\n\t\t\t<div class=\"elementor-spacer-inner\"><\/div>\n\t\t<\/div>\n\t\t\t\t\t\t<\/div>\n\t\t\t\t<\/div>\n\t\t\t\t\t<\/div>\n\t\t<\/div>\n\t\t\t\t\t<\/div>\n\t\t<\/section>\n\t\t\t\t<section class=\"elementor-section elementor-top-section elementor-element elementor-element-3836ddc elementor-section-boxed elementor-section-height-default elementor-section-height-default\" data-id=\"3836ddc\" data-element_type=\"section\">\n\t\t\t\t\t\t<div class=\"elementor-container elementor-column-gap-default\">\n\t\t\t\t\t<div class=\"elementor-column elementor-col-33 elementor-top-column elementor-element elementor-element-207acc5\" data-id=\"207acc5\" data-element_type=\"column\">\n\t\t\t<div class=\"elementor-widget-wrap elementor-element-populated\">\n\t\t\t\t\t\t<div class=\"elementor-element elementor-element-93f7d91 elementor-widget__width-initial elementor-widget elementor-widget-video\" data-id=\"93f7d91\" data-element_type=\"widget\" data-settings=\"{&quot;video_type&quot;:&quot;hosted&quot;,&quot;start&quot;:1,&quot;autoplay&quot;:&quot;yes&quot;,&quot;play_on_mobile&quot;:&quot;yes&quot;,&quot;mute&quot;:&quot;yes&quot;,&quot;loop&quot;:&quot;yes&quot;}\" data-widget_type=\"video.default\">\n\t\t\t\t<div class=\"elementor-widget-container\">\n\t\t\t\t\t\t\t<div class=\"e-hosted-video elementor-wrapper elementor-open-inline\">\n\t\t\t\t\t<video class=\"elementor-video\" src=\"https:\/\/gtmtourguide.com\/wp-content\/uploads\/2022\/12\/MULTIDIAS.mp4#t=1\" autoplay=\"\" loop=\"\" muted=\"muted\" playsinline=\"\" controlsList=\"nodownload\"><\/video>\n\t\t\t\t<\/div>\n\t\t\t\t\t\t<\/div>\n\t\t\t\t<\/div>\n\t\t\t\t\t<\/div>\n\t\t<\/div>\n\t\t\t\t<div class=\"elementor-column elementor-col-66 elementor-top-column elementor-element elementor-element-0b395ff\" data-id=\"0b395ff\" data-element_type=\"column\">\n\t\t\t<div class=\"elementor-widget-wrap elementor-element-populated\">\n\t\t\t\t\t\t<div class=\"elementor-element elementor-element-24b524b elementor-widget elementor-widget-text-editor\" data-id=\"24b524b\" data-element_type=\"widget\" data-widget_type=\"text-editor.default\">\n\t\t\t\t<div class=\"elementor-widget-container\">\n\t\t\t\t\t\t\t\t\t<p><span style=\"font-weight: 400;\">GTM Tour Guide &amp; Travel Services siempre ofrece lo que deseas vivir en tus experiencias tur\u00edsticas, los paquetes que te brindamos podemos hacerlos a tu medida para que la experiencia sea a\u00fan m\u00e1s memorable.<\/span><\/p><p><span style=\"font-weight: 400;\">Cont\u00e1ctanos ahora y solicita m\u00e1s informaci\u00f3n para planificar tu pr\u00f3ximo viaje.<\/span><\/p>\t\t\t\t\t\t\t\t<\/div>\n\t\t\t\t<\/div>\n\t\t\t\t\t<\/div>\n\t\t<\/div>\n\t\t\t\t\t<\/div>\n\t\t<\/section>\n\t\t\t\t<section class=\"elementor-section elementor-top-section elementor-element elementor-element-b649119 elementor-section-boxed elementor-section-height-default elementor-section-height-default\" data-id=\"b649119\" data-element_type=\"section\">\n\t\t\t\t\t\t<div class=\"elementor-container elementor-column-gap-default\">\n\t\t\t\t\t<div class=\"elementor-column elementor-col-100 elementor-top-column elementor-element elementor-element-e8f9c9d\" data-id=\"e8f9c9d\" data-element_type=\"column\">\n\t\t\t<div class=\"elementor-widget-wrap elementor-element-populated\">\n\t\t\t\t\t\t<div class=\"elementor-element elementor-element-37cfa04 elementor-widget elementor-widget-spacer\" data-id=\"37cfa04\" data-element_type=\"widget\" data-widget_type=\"spacer.default\">\n\t\t\t\t<div class=\"elementor-widget-container\">\n\t\t\t\t\t\t\t<div class=\"elementor-spacer\">\n\t\t\t<div class=\"elementor-spacer-inner\"><\/div>\n\t\t<\/div>\n\t\t\t\t\t\t<\/div>\n\t\t\t\t<\/div>\n\t\t\t\t<div class=\"elementor-element elementor-element-b7c80f8 premium-woo-product-align-center premium-qv-hidden-yes elementor-widget elementor-widget-premium-woo-products\" data-id=\"b7c80f8\" data-element_type=\"widget\" data-widget_type=\"premium-woo-products.grid-1\">\n\t\t\t\t<div class=\"elementor-widget-container\">\n\t\t\t\t\t<div class=\"premium-woocommerce premium-woo-products-grid premium-woo-skin-grid-1 premium-woo-query-custom\" data-page-id=\"87\" data-skin=\"grid_1\" data-quick-view=\"\"><div class=\"premium-woo-products-inner premium-woo-product__hover-zoomin\"><ul class=\"products columns-3\">\n\r\n<li class=\" post-1442 product first instock shipping-taxable product-type-simple\">\r\n\t<div class=\"premium-woo-product-wrapper premium-con-lq__none\">\r\n\t\t<div class=\"premium-woo-product-thumbnail\"><a href=\"https:\/\/gtmtourguide.com\/index.php\/product\/mercado-de-chichicastenango-y-lago-de-atitlan-2-dias-y-1-noche\/\" class=\"woocommerce-LoopProduct-link woocommerce-loop-product__link\"><img decoding=\"async\" src=\"https:\/\/gtmtourguide.com\/wp-content\/uploads\/2022\/12\/Volcanoes_at_Lake_Atitlan_2-min-scaled.jpg\" alt=\"\"><\/a><\/div><div class=\"premium-woo-products-details-wrap\"><a href=\"https:\/\/gtmtourguide.com\/index.php\/product\/mercado-de-chichicastenango-y-lago-de-atitlan-2-dias-y-1-noche\/\" class=\"premium-woo-product__link\"><h2 class=\"woocommerce-loop-product__title\">Mercado de Chichicastenango y Lago de Atitl\u00e1n 2 d\u00edas y 1 noche<\/h2><\/a><\/div>\t<\/div>\r\n<\/li>\r\n\r\n<li class=\" post-479 product  onbackorder shipping-taxable product-type-simple\">\r\n\t<div class=\"premium-woo-product-wrapper premium-con-lq__none\">\r\n\t\t<div class=\"premium-woo-product-thumbnail\"><a href=\"https:\/\/gtmtourguide.com\/index.php\/product\/tour-de-anochecer-en-el-volvan-acatenango\/\" class=\"woocommerce-LoopProduct-link woocommerce-loop-product__link\"><img decoding=\"async\" src=\"https:\/\/gtmtourguide.com\/wp-content\/uploads\/2022\/12\/ACETENANGO-1.jpg\" alt=\"\"><\/a><\/div><div class=\"premium-woo-products-details-wrap\"><a href=\"https:\/\/gtmtourguide.com\/index.php\/product\/tour-de-anochecer-en-el-volvan-acatenango\/\" class=\"premium-woo-product__link\"><h2 class=\"woocommerce-loop-product__title\">TOUR DE ANOCHECER EN EL VOLCAN ACATENANGO<\/h2><\/a><\/div>\t<\/div>\r\n<\/li>\r\n\r\n<li class=\" post-440 product last onbackorder shipping-taxable product-type-simple\">\r\n\t<div class=\"premium-woo-product-wrapper premium-con-lq__none\">\r\n\t\t<div class=\"premium-woo-product-thumbnail\"><a href=\"https:\/\/gtmtourguide.com\/index.php\/product\/semuc-champey-3-dias-2-noches\/\" class=\"woocommerce-LoopProduct-link woocommerce-loop-product__link\"><img decoding=\"async\" src=\"https:\/\/gtmtourguide.com\/wp-content\/uploads\/2022\/12\/SEMUC-CHAMPEY1-scaled.jpg\" alt=\"\"><\/a><\/div><div class=\"premium-woo-products-details-wrap\"><a href=\"https:\/\/gtmtourguide.com\/index.php\/product\/semuc-champey-3-dias-2-noches\/\" class=\"premium-woo-product__link\"><h2 class=\"woocommerce-loop-product__title\">SEMUC CHAMPEY 3 D\u00cdAS &#8211; 2 NOCHES<\/h2><\/a><\/div>\t<\/div>\r\n<\/li>\r\n\r\n<li class=\" post-104 product first onbackorder shipping-taxable product-type-simple\">\r\n\t<div class=\"premium-woo-product-wrapper premium-con-lq__none\">\r\n\t\t<div class=\"premium-woo-product-thumbnail\"><a href=\"https:\/\/gtmtourguide.com\/index.php\/product\/ruta-de-los-mayas-8-dias-7-noches\/\" class=\"woocommerce-LoopProduct-link woocommerce-loop-product__link\"><img decoding=\"async\" src=\"https:\/\/gtmtourguide.com\/wp-content\/uploads\/2022\/12\/artesanas-guatemaltecas2-scaled.jpg\" alt=\"\"><\/a><\/div><div class=\"premium-woo-products-details-wrap\"><a href=\"https:\/\/gtmtourguide.com\/index.php\/product\/ruta-de-los-mayas-8-dias-7-noches\/\" class=\"premium-woo-product__link\"><h2 class=\"woocommerce-loop-product__title\">Ruta de los Mayas 8 d\u00edas &#8211; 7 noches<\/h2><\/a><\/div>\t<\/div>\r\n<\/li>\r\n\r\n<li class=\" post-103 product  onbackorder shipping-taxable product-type-simple\">\r\n\t<div class=\"premium-woo-product-wrapper premium-con-lq__none\">\r\n\t\t<div class=\"premium-woo-product-thumbnail\"><a href=\"https:\/\/gtmtourguide.com\/index.php\/product\/guatemala-basica-4-dias-3-noches\/\" class=\"woocommerce-LoopProduct-link woocommerce-loop-product__link\"><img decoding=\"async\" src=\"https:\/\/gtmtourguide.com\/wp-content\/uploads\/2022\/11\/GUATEMALA-1.jpg\" alt=\"\"><\/a><\/div><div class=\"premium-woo-products-details-wrap\"><a href=\"https:\/\/gtmtourguide.com\/index.php\/product\/guatemala-basica-4-dias-3-noches\/\" class=\"premium-woo-product__link\"><h2 class=\"woocommerce-loop-product__title\">Guatemala B\u00e1sica 4 d\u00edas &#8211; 3 noches<\/h2><\/a><\/div>\t<\/div>\r\n<\/li>\r\n\r\n<li class=\" post-102 product last onbackorder shipping-taxable product-type-simple\">\r\n\t<div class=\"premium-woo-product-wrapper premium-con-lq__none\">\r\n\t\t<div class=\"premium-woo-product-thumbnail\"><a href=\"https:\/\/gtmtourguide.com\/index.php\/product\/dulce-guatemala-6-dias-5-noches\/\" class=\"woocommerce-LoopProduct-link woocommerce-loop-product__link\"><img decoding=\"async\" src=\"https:\/\/gtmtourguide.com\/wp-content\/uploads\/2022\/12\/Tikal-2-700x459-1.jpg\" alt=\"\"><\/a><\/div><div class=\"premium-woo-products-details-wrap\"><a href=\"https:\/\/gtmtourguide.com\/index.php\/product\/dulce-guatemala-6-dias-5-noches\/\" class=\"premium-woo-product__link\"><h2 class=\"woocommerce-loop-product__title\">Dulce Guatemala 6 d\u00edas &#8211; 5 noches<\/h2><\/a><\/div>\t<\/div>\r\n<\/li>\r\n\r\n<li class=\" post-100 product first onbackorder shipping-taxable product-type-simple\">\r\n\t<div class=\"premium-woo-product-wrapper premium-con-lq__none\">\r\n\t\t<div class=\"premium-woo-product-thumbnail\"><a href=\"https:\/\/gtmtourguide.com\/index.php\/product\/mini-guatemala-5-dias-4-noches\/\" class=\"woocommerce-LoopProduct-link woocommerce-loop-product__link\"><img decoding=\"async\" src=\"https:\/\/gtmtourguide.com\/wp-content\/uploads\/2022\/12\/panachel-chichicastenango-1-scaled.jpg\" alt=\"\"><\/a><\/div><div class=\"premium-woo-products-details-wrap\"><a href=\"https:\/\/gtmtourguide.com\/index.php\/product\/mini-guatemala-5-dias-4-noches\/\" class=\"premium-woo-product__link\"><h2 class=\"woocommerce-loop-product__title\">Mini Guatemala 5 d\u00edas &#8211; 4 noches<\/h2><\/a><\/div>\t<\/div>\r\n<\/li>\r\n<\/ul>\n<\/div><\/div>\t\t\t\t<\/div>\n\t\t\t\t<\/div>\n\t\t\t\t\t<\/div>\n\t\t<\/div>\n\t\t\t\t\t<\/div>\n\t\t<\/section>\n\t\t\t\t<section class=\"elementor-section elementor-top-section elementor-element elementor-element-7b8916e elementor-section-boxed elementor-section-height-default elementor-section-height-default\" data-id=\"7b8916e\" data-element_type=\"section\">\n\t\t\t\t\t\t<div class=\"elementor-container elementor-column-gap-default\">\n\t\t\t\t\t<div class=\"elementor-column elementor-col-100 elementor-top-column elementor-element elementor-element-e4f46c8\" data-id=\"e4f46c8\" data-element_type=\"column\">\n\t\t\t<div class=\"elementor-widget-wrap elementor-element-populated\">\n\t\t\t\t\t\t<div class=\"elementor-element elementor-element-065c7d3 elementor-widget elementor-widget-heading\" data-id=\"065c7d3\" data-element_type=\"widget\" data-widget_type=\"heading.default\">\n\t\t\t\t<div class=\"elementor-widget-container\">\n\t\t\t\t\t<h2 class=\"elementor-heading-title elementor-size-default\">Cientos de viajeros internacionales recomiendan GTM Tour Guide &amp; Travel<\/h2>\t\t\t\t<\/div>\n\t\t\t\t<\/div>\n\t\t\t\t<div class=\"elementor-element elementor-element-d89c707 elementor-arrows-position-inside elementor-pagination-position-outside elementor-invisible elementor-widget elementor-widget-image-carousel\" data-id=\"d89c707\" data-element_type=\"widget\" data-settings=\"{&quot;image_spacing_custom&quot;:{&quot;unit&quot;:&quot;px&quot;,&quot;size&quot;:0,&quot;sizes&quot;:[]},&quot;_animation&quot;:&quot;fadeIn&quot;,&quot;slides_to_show&quot;:&quot;5&quot;,&quot;navigation&quot;:&quot;both&quot;,&quot;autoplay&quot;:&quot;yes&quot;,&quot;pause_on_hover&quot;:&quot;yes&quot;,&quot;pause_on_interaction&quot;:&quot;yes&quot;,&quot;autoplay_speed&quot;:5000,&quot;infinite&quot;:&quot;yes&quot;,&quot;speed&quot;:500,&quot;image_spacing_custom_tablet&quot;:{&quot;unit&quot;:&quot;px&quot;,&quot;size&quot;:&quot;&quot;,&quot;sizes&quot;:[]},&quot;image_spacing_custom_mobile&quot;:{&quot;unit&quot;:&quot;px&quot;,&quot;size&quot;:&quot;&quot;,&quot;sizes&quot;:[]}}\" data-widget_type=\"image-carousel.default\">\n\t\t\t\t<div class=\"elementor-widget-container\">\n\t\t\t\t\t\t\t<div class=\"elementor-image-carousel-wrapper swiper\" role=\"region\" aria-roledescription=\"carousel\" aria-label=\"Carrusel de im\u00e1genes\" dir=\"ltr\">\n\t\t\t<div class=\"elementor-image-carousel swiper-wrapper\" aria-live=\"off\">\n\t\t\t\t\t\t\t\t<div class=\"swiper-slide\" role=\"group\" aria-roledescription=\"slide\" aria-label=\"1 de 17\"><figure class=\"swiper-slide-inner\"><img decoding=\"async\" class=\"swiper-slide-image\" src=\"https:\/\/gtmtourguide.com\/wp-content\/uploads\/2023\/01\/001-150x150.jpeg\" alt=\"001\" \/><\/figure><\/div><div class=\"swiper-slide\" role=\"group\" aria-roledescription=\"slide\" aria-label=\"2 de 17\"><figure class=\"swiper-slide-inner\"><img decoding=\"async\" class=\"swiper-slide-image\" src=\"https:\/\/gtmtourguide.com\/wp-content\/uploads\/2023\/01\/002-150x150.jpeg\" alt=\"002\" \/><\/figure><\/div><div class=\"swiper-slide\" role=\"group\" aria-roledescription=\"slide\" aria-label=\"3 de 17\"><figure class=\"swiper-slide-inner\"><img decoding=\"async\" class=\"swiper-slide-image\" src=\"https:\/\/gtmtourguide.com\/wp-content\/uploads\/2023\/01\/003-150x150.jpeg\" alt=\"003\" \/><\/figure><\/div><div class=\"swiper-slide\" role=\"group\" aria-roledescription=\"slide\" aria-label=\"4 de 17\"><figure class=\"swiper-slide-inner\"><img decoding=\"async\" class=\"swiper-slide-image\" src=\"https:\/\/gtmtourguide.com\/wp-content\/uploads\/2023\/01\/004-150x150.jpeg\" alt=\"004\" \/><\/figure><\/div><div class=\"swiper-slide\" role=\"group\" aria-roledescription=\"slide\" aria-label=\"5 de 17\"><figure class=\"swiper-slide-inner\"><img decoding=\"async\" class=\"swiper-slide-image\" src=\"https:\/\/gtmtourguide.com\/wp-content\/uploads\/2023\/01\/005-150x150.jpeg\" alt=\"005\" \/><\/figure><\/div><div class=\"swiper-slide\" role=\"group\" aria-roledescription=\"slide\" aria-label=\"6 de 17\"><figure class=\"swiper-slide-inner\"><img decoding=\"async\" class=\"swiper-slide-image\" src=\"https:\/\/gtmtourguide.com\/wp-content\/uploads\/2023\/01\/006-150x150.jpeg\" alt=\"006\" \/><\/figure><\/div><div class=\"swiper-slide\" role=\"group\" aria-roledescription=\"slide\" aria-label=\"7 de 17\"><figure class=\"swiper-slide-inner\"><img decoding=\"async\" class=\"swiper-slide-image\" src=\"https:\/\/gtmtourguide.com\/wp-content\/uploads\/2023\/01\/IMG_20191228_101101-150x150.jpg\" alt=\"IMG_20191228_101101\" \/><\/figure><\/div><div class=\"swiper-slide\" role=\"group\" aria-roledescription=\"slide\" aria-label=\"8 de 17\"><figure class=\"swiper-slide-inner\"><img decoding=\"async\" class=\"swiper-slide-image\" src=\"https:\/\/gtmtourguide.com\/wp-content\/uploads\/2023\/01\/IMG_20200104_115629-150x150.jpg\" alt=\"IMG_20200104_115629\" \/><\/figure><\/div><div class=\"swiper-slide\" role=\"group\" aria-roledescription=\"slide\" aria-label=\"9 de 17\"><figure class=\"swiper-slide-inner\"><img decoding=\"async\" class=\"swiper-slide-image\" src=\"https:\/\/gtmtourguide.com\/wp-content\/uploads\/2023\/01\/IMG_20200118_115205-150x150.jpg\" alt=\"IMG_20200118_115205\" \/><\/figure><\/div><div class=\"swiper-slide\" role=\"group\" aria-roledescription=\"slide\" aria-label=\"10 de 17\"><figure class=\"swiper-slide-inner\"><img decoding=\"async\" class=\"swiper-slide-image\" src=\"https:\/\/gtmtourguide.com\/wp-content\/uploads\/2023\/01\/IMG_20200118_115211-150x150.jpg\" alt=\"IMG_20200118_115211\" \/><\/figure><\/div><div class=\"swiper-slide\" role=\"group\" aria-roledescription=\"slide\" aria-label=\"11 de 17\"><figure class=\"swiper-slide-inner\"><img decoding=\"async\" class=\"swiper-slide-image\" src=\"https:\/\/gtmtourguide.com\/wp-content\/uploads\/2023\/01\/IMG_20200128_140103-150x150.jpg\" alt=\"IMG_20200128_140103\" \/><\/figure><\/div><div class=\"swiper-slide\" role=\"group\" aria-roledescription=\"slide\" aria-label=\"12 de 17\"><figure class=\"swiper-slide-inner\"><img decoding=\"async\" class=\"swiper-slide-image\" src=\"https:\/\/gtmtourguide.com\/wp-content\/uploads\/2023\/01\/IMG-20191226-WA0034-150x150.jpg\" alt=\"IMG-20191226-WA0034\" \/><\/figure><\/div><div class=\"swiper-slide\" role=\"group\" aria-roledescription=\"slide\" aria-label=\"13 de 17\"><figure class=\"swiper-slide-inner\"><img decoding=\"async\" class=\"swiper-slide-image\" src=\"https:\/\/gtmtourguide.com\/wp-content\/uploads\/2023\/01\/IMG-20200130-WA0011-150x150.jpg\" alt=\"IMG-20200130-WA0011\" \/><\/figure><\/div><div class=\"swiper-slide\" role=\"group\" aria-roledescription=\"slide\" aria-label=\"14 de 17\"><figure class=\"swiper-slide-inner\"><img decoding=\"async\" class=\"swiper-slide-image\" src=\"https:\/\/gtmtourguide.com\/wp-content\/uploads\/2023\/01\/Paca-001-150x150.jpeg\" alt=\"Paca-001\" \/><\/figure><\/div><div class=\"swiper-slide\" role=\"group\" aria-roledescription=\"slide\" aria-label=\"15 de 17\"><figure class=\"swiper-slide-inner\"><img decoding=\"async\" class=\"swiper-slide-image\" src=\"https:\/\/gtmtourguide.com\/wp-content\/uploads\/2023\/01\/Pacaya005-150x150.jpg\" alt=\"Pacaya005\" \/><\/figure><\/div><div class=\"swiper-slide\" role=\"group\" aria-roledescription=\"slide\" aria-label=\"16 de 17\"><figure class=\"swiper-slide-inner\"><img decoding=\"async\" class=\"swiper-slide-image\" src=\"https:\/\/gtmtourguide.com\/wp-content\/uploads\/2023\/01\/Pacaya006-150x150.jpeg\" alt=\"Pacaya006\" \/><\/figure><\/div><div class=\"swiper-slide\" role=\"group\" aria-roledescription=\"slide\" aria-label=\"17 de 17\"><figure class=\"swiper-slide-inner\"><img decoding=\"async\" class=\"swiper-slide-image\" src=\"https:\/\/gtmtourguide.com\/wp-content\/uploads\/2023\/01\/Pacaya-Sunset-150x150.jpg\" alt=\"Pacaya-Sunset\" \/><\/figure><\/div>\t\t\t<\/div>\n\t\t\t\t\t\t\t\t\t\t\t\t<div class=\"elementor-swiper-button elementor-swiper-button-prev\" role=\"button\" tabindex=\"0\">\n\t\t\t\t\t\t<i aria-hidden=\"true\" class=\"fas fa-caret-left\"><\/i>\t\t\t\t\t<\/div>\n\t\t\t\t\t<div class=\"elementor-swiper-button elementor-swiper-button-next\" role=\"button\" tabindex=\"0\">\n\t\t\t\t\t\t<i aria-hidden=\"true\" class=\"fas fa-caret-right\"><\/i>\t\t\t\t\t<\/div>\n\t\t\t\t\n\t\t\t\t\t\t\t\t\t<div class=\"swiper-pagination\"><\/div>\n\t\t\t\t\t\t\t\t\t<\/div>\n\t\t\t\t\t\t<\/div>\n\t\t\t\t<\/div>\n\t\t\t\t\t<\/div>\n\t\t<\/div>\n\t\t\t\t\t<\/div>\n\t\t<\/section>\n\t\t\t\t<\/div>\n\t\t","protected":false},"excerpt":{"rendered":"<p>TOUR MULTIDIAS https:\/\/gtmtourguide.com\/wp-content\/uploads\/2022\/12\/MULTIDIAS.mp4#t=1 GTM Tour Guide &amp; Travel Services siempre ofrece lo que deseas vivir en tus experiencias tur\u00edsticas, los paquetes que te brindamos podemos hacerlos a tu medida para que la experiencia sea a\u00fan m\u00e1s memorable. Cont\u00e1ctanos ahora y solicita m\u00e1s informaci\u00f3n para planificar tu pr\u00f3ximo viaje. Mercado de [&hellip;]<\/p>\n","protected":false},"author":1,"featured_media":0,"parent":0,"menu_order":0,"comment_status":"closed","ping_status":"closed","template":"elementor_header_footer","meta":{"om_disable_all_campaigns":false,"footnotes":""},"class_list":["post-87","page","type-page","status-publish","hentry"],"aioseo_notices":[],"_links":{"self":[{"href":"https:\/\/gtmtourguide.com\/index.php\/wp-json\/wp\/v2\/pages\/87","targetHints":{"allow":["GET"]}}],"collection":[{"href":"https:\/\/gtmtourguide.com\/index.php\/wp-json\/wp\/v2\/pages"}],"about":[{"href":"https:\/\/gtmtourguide.com\/index.php\/wp-json\/wp\/v2\/types\/page"}],"author":[{"embeddable":true,"href":"https:\/\/gtmtourguide.com\/index.php\/wp-json\/wp\/v2\/users\/1"}],"replies":[{"embeddable":true,"href":"https:\/\/gtmtourguide.com\/index.php\/wp-json\/wp\/v2\/comments?post=87"}],"version-history":[{"count":65,"href":"https:\/\/gtmtourguide.com\/index.php\/wp-json\/wp\/v2\/pages\/87\/revisions"}],"predecessor-version":[{"id":1499,"href":"https:\/\/gtmtourguide.com\/index.php\/wp-json\/wp\/v2\/pages\/87\/revisions\/1499"}],"wp:attachment":[{"href":"https:\/\/gtmtourguide.com\/index.php\/wp-json\/wp\/v2\/media?parent=87"}],"curies":[{"name":"wp","href":"https:\/\/api.w.org\/{rel}","templated":true}]}}